{"id":13467,"date":"2022-08-02T09:37:34","date_gmt":"2022-08-02T07:37:34","guid":{"rendered":"https:\/\/www.corbiac.com\/mentions-legales\/"},"modified":"2024-09-17T10:46:25","modified_gmt":"2024-09-17T08:46:25","slug":"mentions-legales","status":"publish","type":"page","link":"https:\/\/www.corbiac.com\/nl\/mentions-legales\/","title":{"rendered":"Mentions L\u00e9gales"},"content":{"rendered":"\t\t<div data-elementor-type=\"wp-page\" data-elementor-id=\"13467\" class=\"elementor elementor-13467 elementor-7976\">\n\t\t\t\t\t\t<section class=\"elementor-section elementor-top-section elementor-element elementor-element-4823d73 elementor-section-boxed elementor-section-height-default elementor-section-height-default\" data-id=\"4823d73\" data-element_type=\"section\" data-e-type=\"section\">\n\t\t\t\t\t\t<div class=\"elementor-container elementor-column-gap-default\">\n\t\t\t\t\t<div class=\"elementor-column elementor-col-100 elementor-top-column elementor-element elementor-element-fc31cf5\" data-id=\"fc31cf5\" data-element_type=\"column\" data-e-type=\"column\">\n\t\t\t<div class=\"elementor-widget-wrap elementor-element-populated\">\n\t\t\t\t\t\t<div class=\"elementor-element elementor-element-8079cba elementor-widget elementor-widget-text-editor\" data-id=\"8079cba\" data-element_type=\"widget\" data-e-type=\"widget\" data-widget_type=\"text-editor.default\">\n\t\t\t\t<div class=\"elementor-widget-container\">\n\t\t\t\t\t\t\t\t\t<table border=\"0\" width=\"680\" cellspacing=\"0\" cellpadding=\"ffffff\"><tbody><tr><td align=\"justify\"><p><span style=\"font-family: Verdana, Arial, Helvetica, sans-serif; font-size: medium;\"><b>MENTIONS L\u00c9GALES<\/b><\/span><\/p><p align=\"justify\"><span style=\"font-family: Verdana, Arial, Helvetica, sans-serif; font-size: small;\"><b>\u00c9DITION<\/b><br \/>Le site www.corbiac.com est \u00e9dit\u00e9 par : Madame Th\u00e9r\u00e8se DURAND de CORBIAC, vigneronne exploitante \u00e0 P\u00e9charmant, pr\u00e9cis\u00e9ment au Ch\u00e2teau de Corbiac, route de Corbiac, 24100 Bergerac (EI, entrepreneur individuel ayant pour SIRET : 510 604 234 000 11, num\u00e9ro de TVA : FR 635 106 04 234 et code NAF : 0121Z).<\/span><\/p><p align=\"justify\"><span style=\"font-family: Verdana, Arial, Helvetica, sans-serif; font-size: small;\"><b>DIRECTEUR DE LA PUBLICATION<\/b><br \/>Madame Th\u00e9r\u00e8se DURAND de CORBIAC.<\/span><\/p><p align=\"justify\"><span style=\"font-family: Verdana, Arial, Helvetica, sans-serif; font-size: small;\"><b>RESPONSABILIT\u00c9 \u00c9DITORIALE<\/b><br \/>La responsabilit\u00e9 \u00e9ditoriale est assur\u00e9e par Madame Th\u00e9r\u00e8se DURAND de CORBIAC. Pour toute suggestion, information, r\u00e9action concernant le site www.corbiac.com, \u00e9crivez au webmestre\u00a0<a href=\"mailto:corbiac@corbiac.com?subject=question\">corbiac@corbiac.com<\/a>.<\/span><\/p><p align=\"justify\"><span style=\"font-family: Verdana, Arial, Helvetica, sans-serif; font-size: small;\"><b>CONCEPTION ET R\u00c9ALISATION DU SITE<\/b><br \/>Le site www.corbiac.com a \u00e9t\u00e9 con\u00e7u et r\u00e9alis\u00e9 en partenariats successifs avec \u00c9milien Jourdan (<a href=\"https:\/\/coseso.fr\/\" target=\"_blank\" rel=\"noopener\">COSESO<\/a>), puis Fran\u00e7ois Sandel (<a href=\"https:\/\/www.gestion-sdl.fr\/\" target=\"_blank\" rel=\"noopener\">GSDL<\/a>) et enfin Charles-Henry Soulet <a href=\"https:\/\/treelink.fr\/\" target=\"_blank\" rel=\"noopener\">(Treelink)<\/a> selon l&#8217;exp\u00e9rience &#8220;client&#8221; que nous souhaitons procurer.<\/span><\/p><p align=\"justify\"><span style=\"font-family: Verdana, Arial, Helvetica, sans-serif; font-size: small;\"><b>H\u00c9BERGEMENT<\/b><br \/>L&#8217;h\u00e9bergement en France est assur\u00e9 par o2switch, Chemin des Pardiaux, 63000 Clermont-Ferrand<\/span><span style=\"font-family: Verdana, Arial, Helvetica, sans-serif; font-size: small;\">.<\/span><\/p><p align=\"justify\"><span style=\"font-family: Verdana, Arial, Helvetica, sans-serif; font-size: small;\"><b>TRAITEMENT DES DONN\u00c9ES PERSONNELLES<\/b><br \/>Les donn\u00e9es nominatives que nous serions amen\u00e9s \u00e0 recueillir proviennent de l\u2019enregistrement volontaire d\u2019une adresse courriel fournie par l\u2019internaute, lui permettant de recevoir une documentation, de se renseigner sur un point quelconque ayant trait aux sujets abord\u00e9s sur le site www.corbiac.com Internet. En toute hypoth\u00e8se, l\u2019internaute sera inform\u00e9 de l\u2019utilisation envisag\u00e9e de ses donn\u00e9es nominative collect\u00e9es sur le site www.corbiac.com Internet ainsi que de ses droits. L\u2019internaute est d\u2019ores et d\u00e9j\u00e0 inform\u00e9 qu\u2019il disposera \u00e0 tout moment d&#8217;un droit d&#8217;acc\u00e8s, de modification, de rectification et de suppression des donn\u00e9es qui les concernent qui pourra \u00eatre directement exerc\u00e9 en ligne en \u00e9crivant \u00e0 :\u00a0<a href=\"mailto:corbiac@corbiac.com?subject=question\">corbiac@corbiac.com<\/a>. Ces donn\u00e9es nominatives ne feront pas l&#8217;objet de communications ext\u00e9rieures autres que pour satisfaire aux obligations l\u00e9gales et r\u00e9glementaires, ou \u00e0 la demande d&#8217;une administration ou d&#8217;une autorit\u00e9 judiciaire.<\/span><\/p><p align=\"justify\"><span style=\"font-family: Verdana, Arial, Helvetica, sans-serif; font-size: small;\"><b>DROIT D\u2019ACC\u00c8S, DE MODIFICATION, ET DE SUPPRESSION<\/b><br \/>Conform\u00e9ment aux articles 26, 34 \u00e0 38 de la loi Informatique et Libert\u00e9s du 6 janvier 1978 modifi\u00e9e, vous disposez d\u2019un droit d\u2019acc\u00e8s, de modification, de suppression et d\u2019opposition au traitement de vos donn\u00e9es personnelles et \u00e0 leur utilisation \u00e0 des fins de prospection. Vous pouvez exercer vos droits en \u00e9crivant \u00e0\u00a0<a href=\"mailto:corbiac@corbiac.com?subject=question\">corbiac@corbiac.com<\/a><\/span><\/p><p align=\"justify\"><span style=\"font-family: Verdana, Arial, Helvetica, sans-serif; font-size: small;\"><b>COOKIES<\/b><br \/>Pour votre confort de navigation, le site Internet www.corbiac.com utilise un dispositif de &#8220;cookies&#8221; permettant la reconnaissance des utilisateurs et d\u00e9taill\u00e9 \u00e0 la page : https:\/\/www.corbiac.com\/politique-de-cookies-ue\/<\/span><\/p><p align=\"justify\"><span style=\"font-family: Verdana, Arial, Helvetica, sans-serif; font-size: small;\"><b>PROPRI\u00c9T\u00c9 INTELLECTUELLE<\/b><br \/>L\u2019ensemble du site Internet www.corbiac.com rel\u00e8ve de la l\u00e9gislation fran\u00e7aise relative au droit d\u2019auteur, au droit des marques et plus g\u00e9n\u00e9ralement au droit des propri\u00e9t\u00e9s intellectuelle et industrielle. Sans que cette liste soit exhaustive, toute repr\u00e9sentation, reproduction, modification, utilisation commerciale, utilisation non commerciale\u2026 ainsi que tout transfert pour quelque cause et de quelque mani\u00e8re que ce soient vers un autre site de tout ou partie des \u00e9l\u00e9ments composant le site Internet www.corbiac.com sont interdits, sauf autorisation expresse et pr\u00e9alable de Madame Th\u00e9r\u00e8se DURAND de CORBIAC \u00e0 demander par courrier \u00e0 l\u2019adresse indiqu\u00e9e plus haut. Conform\u00e9ment \u00e0 la l\u00e9gislation en vigueur, seule une utilisation \u00e0 des fins strictement priv\u00e9es est autoris\u00e9e. Cette interdiction vaut quel que soit le proc\u00e9d\u00e9 de reproduction, de repr\u00e9sentation et\/ou de modification, et quelle qu\u2019en soit la dur\u00e9e (dans la limite de la protection l\u00e9gale des \u00e9l\u00e9ments reproduits). De mani\u00e8re g\u00e9n\u00e9rale, Madame Th\u00e9r\u00e8se DURAND de CORBIAC ne saurait \u00eatre tenu pour responsable de tout dommage, direct ou indirect, r\u00e9sultant de l\u2019utilisation interdite des informations ou de tout autre \u00e9l\u00e9ment d\u00e9livr\u00e9s sur le site Internet www.corbiac.com.<\/span><\/p><p align=\"justify\"><span style=\"font-family: Verdana, Arial, Helvetica, sans-serif; font-size: small;\"><b>LIENS HYPERTEXTES<\/b><br \/>Les liens hypertextes pr\u00e9sents sur le site Internet www.corbiac.com orientant les internautes vers d\u2019autres sites Internet n\u2019engagent pas la responsabilit\u00e9 de Madame Th\u00e9r\u00e8se DURAND de CORBIAC quant au contenu de ces sites et des sites vers lesquels de nouveaux liens pourraient renvoyer. Toute personne physique ou morale souhaitant \u00e9tablir un lien hypertexte pointant vers le site Internet www.corbiac.com, doit pr\u00e9alablement obtenir l\u2019autorisation expresse et pr\u00e9alable de Madame Th\u00e9r\u00e8se DURAND de CORBIAC \u00e0 demander par courrier \u00e0 l\u2019adresse indiqu\u00e9e plus haut.<\/span><\/p><p align=\"justify\"><span style=\"font-family: Verdana, Arial, Helvetica, sans-serif; font-size: small;\"><b>RESPONSABILIT\u00c9<\/b><br \/>Madame Th\u00e9r\u00e8se DURAND de CORBIAC n\u2019assure aucune garantie, expresse ou tacite, concernant tout ou partie du site Internet www.corbiac.com. En aucun cas, Madame Th\u00e9r\u00e8se DURAND de CORBIAC ne peut \u00eatre tenu pour responsable d\u2019un quelconque dommage direct ou indirect, quelqu\u2019en soit la nature, d\u00e9coulant de l\u2019utilisation du site Internet ou au contraire de l&#8217;impossibilit\u00e9 d&#8217;y acc\u00e9der. Madame Th\u00e9r\u00e8se DURAND de CORBIAC d\u00e9cline toute responsabilit\u00e9 concernant l\u2019acc\u00e8s et le contenu des sites Internet li\u00e9s au site Internet www.corbiac.com et des sites Internet vers lesquels de nouveaux liens pourraient renvoyer. Madame Th\u00e9r\u00e8se DURAND de CORBIAC se r\u00e9serve le droit de suspendre et\/ou arr\u00eater la diffusion du site Internet www.corbiac.com, de fa\u00e7on unilat\u00e9rale, sans pr\u00e9avis, et sans que sa responsabilit\u00e9 puisse \u00eatre recherch\u00e9e de quelque mani\u00e8re et pour quelque cause que ce soient.<\/span><\/p><p align=\"justify\"><span style=\"font-family: Verdana, Arial, Helvetica, sans-serif; font-size: small;\"><b>MODIFICATION DES MENTIONS L\u00c9GALES<\/b><br \/>Madame Th\u00e9r\u00e8se DURAND de CORBIAC se r\u00e9serve le droit de modifier de fa\u00e7on unilat\u00e9rale et sans pr\u00e9avis, les pr\u00e9sentes mentions l\u00e9gales. Madame Th\u00e9r\u00e8se DURAND de CORBIAC invite donc les internautes \u00e0 consulter r\u00e9guli\u00e8rement les pr\u00e9sentes mentions l\u00e9gales afin de se tenir inform\u00e9s des \u00e9ventuelles modifications apport\u00e9es.<\/span><\/p><\/td><\/tr><\/tbody><\/table>\t\t\t\t\t\t\t\t<\/div>\n\t\t\t\t<\/div>\n\t\t\t\t\t<\/div>\n\t\t<\/div>\n\t\t\t\t\t<\/div>\n\t\t<\/section>\n\t\t\t\t<\/div>\n\t\t","protected":false},"excerpt":{"rendered":"<p>MENTIONS L\u00c9GALES \u00c9DITIONLe site www.corbiac.com est \u00e9dit\u00e9 par : Madame Th\u00e9r\u00e8se DURAND de CORBIAC, vigneronne exploitante \u00e0 P\u00e9charmant, pr\u00e9cis\u00e9ment au Ch\u00e2teau de Corbiac, route de&#8230;<\/p>\n","protected":false},"author":1,"featured_media":0,"parent":0,"menu_order":0,"comment_status":"closed","ping_status":"closed","template":"elementor_header_footer","meta":{"footnotes":""},"class_list":["post-13467","page","type-page","status-publish","hentry"],"_links":{"self":[{"href":"https:\/\/www.corbiac.com\/nl\/wp-json\/wp\/v2\/pages\/13467","targetHints":{"allow":["GET"]}}],"collection":[{"href":"https:\/\/www.corbiac.com\/nl\/wp-json\/wp\/v2\/pages"}],"about":[{"href":"https:\/\/www.corbiac.com\/nl\/wp-json\/wp\/v2\/types\/page"}],"author":[{"embeddable":true,"href":"https:\/\/www.corbiac.com\/nl\/wp-json\/wp\/v2\/users\/1"}],"replies":[{"embeddable":true,"href":"https:\/\/www.corbiac.com\/nl\/wp-json\/wp\/v2\/comments?post=13467"}],"version-history":[{"count":9,"href":"https:\/\/www.corbiac.com\/nl\/wp-json\/wp\/v2\/pages\/13467\/revisions"}],"predecessor-version":[{"id":19829,"href":"https:\/\/www.corbiac.com\/nl\/wp-json\/wp\/v2\/pages\/13467\/revisions\/19829"}],"wp:attachment":[{"href":"https:\/\/www.corbiac.com\/nl\/wp-json\/wp\/v2\/media?parent=13467"}],"curies":[{"name":"wp","href":"https:\/\/api.w.org\/{rel}","templated":true}]}}