{"id":14180,"date":"2023-02-10T19:05:10","date_gmt":"2023-02-10T17:05:10","guid":{"rendered":"https:\/\/www.corbiac.com\/product\/chateau-corbiac-pecharmant-2019\/"},"modified":"2026-04-17T22:19:44","modified_gmt":"2026-04-17T20:19:44","slug":"chateau-corbiac-pecharmant-2019","status":"publish","type":"product","link":"https:\/\/www.corbiac.com\/it\/prodotto\/chateau-corbiac-pecharmant-2019\/","title":{"rendered":"Ch\u00e2teau Corbiac P\u00e9charmant 2019"},"content":{"rendered":"\t\t<div data-elementor-type=\"wp-post\" data-elementor-id=\"14180\" class=\"elementor elementor-14180 elementor-14050\">\n\t\t\t\t\t\t<section class=\"elementor-section elementor-top-section elementor-element elementor-element-72819a86 elementor-section-boxed elementor-section-height-default elementor-section-height-default\" data-id=\"72819a86\" data-element_type=\"section\" data-e-type=\"section\" data-settings=\"{&quot;background_background&quot;:&quot;classic&quot;}\">\n\t\t\t\t\t\t<div class=\"elementor-container elementor-column-gap-no\">\n\t\t\t\t\t<div class=\"elementor-column elementor-col-100 elementor-top-column elementor-element elementor-element-773c760e\" data-id=\"773c760e\" data-element_type=\"column\" data-e-type=\"column\">\n\t\t\t<div class=\"elementor-widget-wrap elementor-element-populated\">\n\t\t\t\t\t\t<div class=\"elementor-element elementor-element-5af59b9a elementor-widget elementor-widget-text-editor\" data-id=\"5af59b9a\" data-element_type=\"widget\" data-e-type=\"widget\" data-widget_type=\"text-editor.default\">\n\t\t\t\t<div class=\"elementor-widget-container\">\n\t\t\t\t\t\t\t\t\t<p>Ac habitasse ultricies a ligula magna commodo a a parturient sem mattis vestibulum aliquam luctus senectus adipiscing. Imperdiet cum iaculis urna non augue tristique parturient maecenas consequat ullamcorper libero vel quis torquent facilisis a integer sed magnis erat et elementum a ornare a ad adipiscing. Nullam scelerisque est enim vel himenaeos odio venenatis urna id a sit ut mattis.  <\/p>\n\t\t\t\t\t\t\t\t<\/div>\n\t\t\t\t<\/div>\n\t\t\t\t<div class=\"elementor-element elementor-element-73aeb480 elementor-widget elementor-widget-text-editor\" data-id=\"73aeb480\" data-element_type=\"widget\" data-e-type=\"widget\" data-widget_type=\"text-editor.default\">\n\t\t\t\t<div class=\"elementor-widget-container\">\n\t\t\t\t\t\t\t\t\t<p>Porta scelerisque velit nec ac consectetur feugiat lacinia parturient ridiculus venenatis porta nam a nostra parturient elit scelerisque ornare. Platea eu vestibulum habitant in nisl eu aliquet ac ullamcorper nascetur a turpis quam purus justo volutpat lobortis vestibulum. Adipiscing at parturient a mus a mi vitae dignissim a torquent himenaeos a scelerisque nisi aenean dapibus sociosqu inceptos elit vestibulum a. A vitae sit et adipiscing in pulvinar consequat urna elit a elit mollis porta gravida libero vestibulum vestibulum adipiscing sed ligula justo risus a. Senectus praesent in vestibulum per vestibulum ad lobortis rhoncus per a urna parturient a a suspendisse lorem condimentum fames. Facilisis vitae porttitor vestibulum mi arcu parturient parturient ipsum libero aliquet suscipit nec tempor odio cubilia dis vel ipsum sem.     <\/p>\n\t\t\t\t\t\t\t\t<\/div>\n\t\t\t\t<\/div>\n\t\t\t\t<div class=\"elementor-element elementor-element-c2aad59 elementor-widget elementor-widget-text-editor\" data-id=\"c2aad59\" data-element_type=\"widget\" data-e-type=\"widget\" data-widget_type=\"text-editor.default\">\n\t\t\t\t<div class=\"elementor-widget-container\">\n\t\t\t\t\t\t\t\t\t<p>A mi ullamcorper at a nam velit sodales dignissim imperdiet a non blandit semper a interdum tellus pretium blandit natoque parturient gravida. Dis augue hac himenaeos interdum sodales parturient a eu nibh eget penatibus adipiscing adipiscing morbi magna gravida non est. Sed a rhoncus a accumsan vestibulum phasellus himenaeos amet hac quisque.  <\/p>\n\t\t\t\t\t\t\t\t<\/div>\n\t\t\t\t<\/div>\n\t\t\t\t\t<\/div>\n\t\t<\/div>\n\t\t\t\t\t<\/div>\n\t\t<\/section>\n\t\t\t\t<\/div>\n\t\t","protected":false},"excerpt":{"rendered":"<p><\/br><br \/>\n<em>Confezionato in scatola per 6 bottiglia (75cl.) &#8211; (alc 14,5 % vol.)<\/em><\/br><br \/>\n<strong>Note di degustazione:<\/strong><\/br><br \/>\nUn vino senza zolfo (e senza solfiti aggiunti), questa annata 2019 ha un colore intenso, scuro e profondo, caratterizzato da riflessi violacei giovanili. Al naso, \u00e8 franco e fresco, con un mix di frutti neri e spezie pepate, con leggere note di tabacco biondo.<\/br><br \/>\nIn bocca, l&#8217;attacco \u00e8 morbido e delicato su una struttura ampia e generosa, che riprende i frutti neri e le spezie gi\u00e0 percepiti, sostenuti da tannini ben avvolti. Il finale, molto lungo, \u00e8 notevole per la sua rotondit\u00e0 e morbidezza, con un&#8217;elegante persistenza aromatica finemente fruttata.<\/br><br \/>\n<strong>Premi:<\/strong><\/br><\/p>\n<ul>\n<li>Medaglia d&#8217;argento al Concours Mondial des Vins F\u00c9MINALISE 2022.<\/li>\n<li>Medaglia d&#8217;argento al Concours International de Lyon 2022.<\/li>\n<li>Medaglia d&#8217;argento al Concours ELLE \u00e0 table 2022.<\/li>\n<li>Vino vinificato senza solforosa in bio controllo<\/li>\n<li>Vino senza zolfo, senza solfiti aggiunti<\/li>\n<\/ul>\n<hr>\n<p><img decoding=\"async\" class=\"alignnone size-full wp-image-14089\" src=\"https:\/\/www.corbiac.com\/wp-content\/uploads\/2023\/02\/argent-lyon-2022-1.png\" alt=\"\" width=\"150\" height=\"150\" srcset=\"https:\/\/www.corbiac.com\/wp-content\/uploads\/2023\/02\/argent-lyon-2022-1.png 150w, https:\/\/www.corbiac.com\/wp-content\/uploads\/2023\/02\/argent-lyon-2022-1-100x100.png 100w, https:\/\/www.corbiac.com\/wp-content\/uploads\/2023\/02\/argent-lyon-2022-1-1x2.png 1w, https:\/\/www.corbiac.com\/wp-content\/uploads\/2023\/02\/argent-lyon-2022-1-10x10.png 10w\" sizes=\"(max-width: 150px) 100vw, 150px\" \/> <img decoding=\"async\" class=\"alignnone size-full wp-image-14083\" src=\"https:\/\/www.corbiac.com\/wp-content\/uploads\/2023\/02\/argent-feminalise-2022-1.png\" alt=\"\" width=\"150\" height=\"150\" srcset=\"https:\/\/www.corbiac.com\/wp-content\/uploads\/2023\/02\/argent-feminalise-2022-1.png 150w, https:\/\/www.corbiac.com\/wp-content\/uploads\/2023\/02\/argent-feminalise-2022-1-100x100.png 100w, https:\/\/www.corbiac.com\/wp-content\/uploads\/2023\/02\/argent-feminalise-2022-1-1x2.png 1w, https:\/\/www.corbiac.com\/wp-content\/uploads\/2023\/02\/argent-feminalise-2022-1-10x10.png 10w\" sizes=\"(max-width: 150px) 100vw, 150px\" \/> <img decoding=\"async\" class=\"alignnone size-full wp-image-14077\" src=\"https:\/\/www.corbiac.com\/wp-content\/uploads\/2023\/02\/argent_elleatable_2022-1.png\" alt=\"\" width=\"150\" height=\"150\" srcset=\"https:\/\/www.corbiac.com\/wp-content\/uploads\/2023\/02\/argent_elleatable_2022-1.png 150w, https:\/\/www.corbiac.com\/wp-content\/uploads\/2023\/02\/argent_elleatable_2022-1-100x100.png 100w, https:\/\/www.corbiac.com\/wp-content\/uploads\/2023\/02\/argent_elleatable_2022-1-1x2.png 1w, https:\/\/www.corbiac.com\/wp-content\/uploads\/2023\/02\/argent_elleatable_2022-1-10x10.png 10w\" sizes=\"(max-width: 150px) 100vw, 150px\" \/> <img loading=\"lazy\" decoding=\"async\" class=\"alignnone size-thumbnail wp-image-7915\" src=\"https:\/\/www.corbiac.com\/wp-content\/uploads\/2022\/08\/sans-sulfites-ajoutes-150x150.png\" alt=\"\" width=\"150\" height=\"150\" srcset=\"https:\/\/www.corbiac.com\/wp-content\/uploads\/2022\/08\/sans-sulfites-ajoutes-150x150.png 150w, https:\/\/www.corbiac.com\/wp-content\/uploads\/2022\/08\/sans-sulfites-ajoutes-100x100.png 100w, https:\/\/www.corbiac.com\/wp-content\/uploads\/2022\/08\/sans-sulfites-ajoutes-1x2.png 1w, https:\/\/www.corbiac.com\/wp-content\/uploads\/2022\/08\/sans-sulfites-ajoutes-10x10.png 10w, https:\/\/www.corbiac.com\/wp-content\/uploads\/2022\/08\/sans-sulfites-ajoutes.png 270w\" sizes=\"(max-width: 150px) 100vw, 150px\" \/> <img loading=\"lazy\" decoding=\"async\" class=\"alignnone size-thumbnail wp-image-7913\" src=\"https:\/\/www.corbiac.com\/wp-content\/uploads\/2022\/08\/noSO2-150x150.png\" alt=\"\" width=\"150\" height=\"150\" srcset=\"https:\/\/www.corbiac.com\/wp-content\/uploads\/2022\/08\/noSO2-150x150.png 150w, https:\/\/www.corbiac.com\/wp-content\/uploads\/2022\/08\/noSO2-100x100.png 100w, https:\/\/www.corbiac.com\/wp-content\/uploads\/2022\/08\/noSO2-200x200.png 200w, https:\/\/www.corbiac.com\/wp-content\/uploads\/2022\/08\/noSO2-1x2.png 1w, https:\/\/www.corbiac.com\/wp-content\/uploads\/2022\/08\/noSO2-10x10.png 10w, https:\/\/www.corbiac.com\/wp-content\/uploads\/2022\/08\/noSO2.png 280w\" sizes=\"(max-width: 150px) 100vw, 150px\" \/> <img loading=\"lazy\" decoding=\"async\" class=\"alignnone size-thumbnail wp-image-7916\" src=\"https:\/\/www.corbiac.com\/wp-content\/uploads\/2022\/08\/vin-sans-so2-150x150.png\" alt=\"\" width=\"150\" height=\"150\" srcset=\"https:\/\/www.corbiac.com\/wp-content\/uploads\/2022\/08\/vin-sans-so2-150x150.png 150w, https:\/\/www.corbiac.com\/wp-content\/uploads\/2022\/08\/vin-sans-so2-100x100.png 100w, https:\/\/www.corbiac.com\/wp-content\/uploads\/2022\/08\/vin-sans-so2-200x200.png 200w, https:\/\/www.corbiac.com\/wp-content\/uploads\/2022\/08\/vin-sans-so2-1x2.png 1w, https:\/\/www.corbiac.com\/wp-content\/uploads\/2022\/08\/vin-sans-so2-10x10.png 10w, https:\/\/www.corbiac.com\/wp-content\/uploads\/2022\/08\/vin-sans-so2.png 240w\" sizes=\"(max-width: 150px) 100vw, 150px\" \/><\/p>\n","protected":false},"featured_media":18290,"comment_status":"open","ping_status":"closed","template":"","meta":[],"etheme_brands":[{"term_id":166,"name":"P\u00e9charmant AOC","slug":"pecharmant-aoc","term_group":0,"term_taxonomy_id":166,"taxonomy":"brand","description":"","parent":0,"count":35,"filter":"raw"}],"product_brand":[],"product_cat":[213],"product_tag":[],"class_list":{"0":"post-14180","1":"product","2":"type-product","3":"status-publish","4":"has-post-thumbnail","6":"brand-pecharmant-aoc","7":"product_cat-vino-rosso","9":"first","10":"instock","11":"taxable","12":"shipping-taxable","13":"purchasable","14":"product-type-simple"},"_links":{"self":[{"href":"https:\/\/www.corbiac.com\/it\/wp-json\/wp\/v2\/product\/14180","targetHints":{"allow":["GET"]}}],"collection":[{"href":"https:\/\/www.corbiac.com\/it\/wp-json\/wp\/v2\/product"}],"about":[{"href":"https:\/\/www.corbiac.com\/it\/wp-json\/wp\/v2\/types\/product"}],"replies":[{"embeddable":true,"href":"https:\/\/www.corbiac.com\/it\/wp-json\/wp\/v2\/comments?post=14180"}],"version-history":[{"count":2,"href":"https:\/\/www.corbiac.com\/it\/wp-json\/wp\/v2\/product\/14180\/revisions"}],"predecessor-version":[{"id":20921,"href":"https:\/\/www.corbiac.com\/it\/wp-json\/wp\/v2\/product\/14180\/revisions\/20921"}],"wp:featuredmedia":[{"embeddable":true,"href":"https:\/\/www.corbiac.com\/it\/wp-json\/wp\/v2\/media\/18290"}],"wp:attachment":[{"href":"https:\/\/www.corbiac.com\/it\/wp-json\/wp\/v2\/media?parent=14180"}],"wp:term":[{"taxonomy":"brand","embeddable":true,"href":"https:\/\/www.corbiac.com\/it\/wp-json\/wp\/v2\/etheme_brands?post=14180"},{"taxonomy":"product_brand","embeddable":true,"href":"https:\/\/www.corbiac.com\/it\/wp-json\/wp\/v2\/product_brand?post=14180"},{"taxonomy":"product_cat","embeddable":true,"href":"https:\/\/www.corbiac.com\/it\/wp-json\/wp\/v2\/product_cat?post=14180"},{"taxonomy":"product_tag","embeddable":true,"href":"https:\/\/www.corbiac.com\/it\/wp-json\/wp\/v2\/product_tag?post=14180"}],"curies":[{"name":"wp","href":"https:\/\/api.w.org\/{rel}","templated":true}]}}