{"id":14028,"date":"2016-08-09T17:32:44","date_gmt":"2016-08-09T15:32:44","guid":{"rendered":"https:\/\/www.corbiac.com\/product\/lorangerie-de-corbiac-bergerac-rosado-2021\/"},"modified":"2024-08-14T20:53:46","modified_gmt":"2024-08-14T18:53:46","slug":"lorangerie-de-corbiac-bergerac-rosado-2021","status":"publish","type":"product","link":"https:\/\/www.corbiac.com\/es\/producto\/lorangerie-de-corbiac-bergerac-rosado-2021\/","title":{"rendered":"L&#8217;Orangerie de Corbiac &#8211; Bergerac Rosado 2023"},"content":{"rendered":"\t\t<div data-elementor-type=\"wp-post\" data-elementor-id=\"14028\" class=\"elementor elementor-14028 elementor-4914\">\n\t\t\t\t\t\t<section class=\"elementor-section elementor-top-section elementor-element elementor-element-31099028 elementor-section-boxed elementor-section-height-default elementor-section-height-default\" data-id=\"31099028\" data-element_type=\"section\" data-e-type=\"section\" data-settings=\"{&quot;background_background&quot;:&quot;classic&quot;}\">\n\t\t\t\t\t\t<div class=\"elementor-container elementor-column-gap-no\">\n\t\t\t\t\t<div class=\"elementor-column elementor-col-100 elementor-top-column elementor-element elementor-element-1846394a\" data-id=\"1846394a\" data-element_type=\"column\" data-e-type=\"column\">\n\t\t\t<div class=\"elementor-widget-wrap elementor-element-populated\">\n\t\t\t\t\t\t<div class=\"elementor-element elementor-element-3a5523f6 elementor-widget elementor-widget-text-editor\" data-id=\"3a5523f6\" data-element_type=\"widget\" data-e-type=\"widget\" data-widget_type=\"text-editor.default\">\n\t\t\t\t<div class=\"elementor-widget-container\">\n\t\t\t\t\t\t\t\t\t<p>Ac habitasse ultricies a ligula magna commodo a a parturient sem mattis vestibulum aliquam luctus senectus adipiscing. Imperdiet cum iaculis urna non augue tristique parturient maecenas consequat ullamcorper libero vel quis torquent facilisis a integer sed magnis erat et elementum a ornare a ad adipiscing. Nullam scelerisque est enim vel himenaeos odio venenatis urna id a sit ut mattis.  <\/p>\n\t\t\t\t\t\t\t\t<\/div>\n\t\t\t\t<\/div>\n\t\t\t\t<div class=\"elementor-element elementor-element-5d13759d elementor-widget elementor-widget-text-editor\" data-id=\"5d13759d\" data-element_type=\"widget\" data-e-type=\"widget\" data-widget_type=\"text-editor.default\">\n\t\t\t\t<div class=\"elementor-widget-container\">\n\t\t\t\t\t\t\t\t\t<p>Porta scelerisque velit nec ac consectetur feugiat lacinia parturient ridiculus venenatis porta nam a nostra parturient elit scelerisque ornare. Platea eu vestibulum habitant in nisl eu aliquet ac ullamcorper nascetur a turpis quam purus justo volutpat lobortis vestibulum. Adipiscing at parturient a mus a mi vitae dignissim a torquent himenaeos a scelerisque nisi aenean dapibus sociosqu inceptos elit vestibulum a. A vitae sit et adipiscing in pulvinar consequat urna elit a elit mollis porta gravida libero vestibulum vestibulum adipiscing sed ligula justo risus a. Senectus praesent in vestibulum per vestibulum ad lobortis rhoncus per a urna parturient a a a suspendisse lorem condimentum fames. Facilisis vitae porttitor vestibulum mi arcu parturient parturient ipsum libero aliquet suscipit nec tempor odio cubilia dis vel ipsum sem.     <\/p>\n\t\t\t\t\t\t\t\t<\/div>\n\t\t\t\t<\/div>\n\t\t\t\t<div class=\"elementor-element elementor-element-9206205 elementor-widget elementor-widget-text-editor\" data-id=\"9206205\" data-element_type=\"widget\" data-e-type=\"widget\" data-widget_type=\"text-editor.default\">\n\t\t\t\t<div class=\"elementor-widget-container\">\n\t\t\t\t\t\t\t\t\t<p>A mi ullamcorper at a nam velit sodales dignissim imperdiet a non blandit semper a interdum tellus pretium blandit natoque parturient gravida. Dis augue hac himenaeos interdum sodales parturient a eu nibh eget penatibus adipiscing adipiscing morbi magna gravida non est. Sed a rhoncus a accumsan vestibulum phasellus himenaeos amet hac quisque.  <\/p>\n\t\t\t\t\t\t\t\t<\/div>\n\t\t\t\t<\/div>\n\t\t\t\t\t<\/div>\n\t\t<\/div>\n\t\t\t\t\t<\/div>\n\t\t<\/section>\n\t\t\t\t<\/div>\n\t\t","protected":false},"excerpt":{"rendered":"<p><em>Envasado en cajas de 6 botellas (75cl) &#8211; (alc 12,5 % vol.)<\/em> Este vino rosado seco y afrutado se elabora por sangrado al inicio de la vinificaci\u00f3n a partir de las renombradas variedades de uva Merlot y Cabernet. <strong>Nota de cata:<\/strong> Color rosa frambuesa. Nariz expresiva de fruta fresca con notas florales. Redondo en boca con una evoluci\u00f3n fresca y un final crujiente y afrutado. Un vino fresco y gustoso. Servido a 9-10\u00b0C como aperitivo refrescante sin az\u00facar residual, combina bien con la cocina ex\u00f3tica y asi\u00e1tica, pero sobre todo con las carnes a la parrilla y todas las ocasiones de convivencia en cuanto aparecen los primeros rayos de sol.  <em><strong>Embotellado en la propiedad por el viticultor<\/strong><\/em><\/p>\n","protected":false},"featured_media":20354,"comment_status":"open","ping_status":"closed","template":"","meta":[],"etheme_brands":[{"term_id":156,"name":"Bergerac AOC","slug":"bergerac-aoc","term_group":0,"term_taxonomy_id":156,"taxonomy":"brand","description":"","parent":0,"count":12,"filter":"raw"}],"product_brand":[],"product_cat":[210],"product_tag":[],"class_list":{"0":"post-14028","1":"product","2":"type-product","3":"status-publish","4":"has-post-thumbnail","6":"brand-bergerac-aoc","7":"product_cat-vino-rosado","9":"first","10":"instock","11":"taxable","12":"shipping-taxable","13":"purchasable","14":"product-type-simple"},"_links":{"self":[{"href":"https:\/\/www.corbiac.com\/es\/wp-json\/wp\/v2\/product\/14028","targetHints":{"allow":["GET"]}}],"collection":[{"href":"https:\/\/www.corbiac.com\/es\/wp-json\/wp\/v2\/product"}],"about":[{"href":"https:\/\/www.corbiac.com\/es\/wp-json\/wp\/v2\/types\/product"}],"replies":[{"embeddable":true,"href":"https:\/\/www.corbiac.com\/es\/wp-json\/wp\/v2\/comments?post=14028"}],"version-history":[{"count":0,"href":"https:\/\/www.corbiac.com\/es\/wp-json\/wp\/v2\/product\/14028\/revisions"}],"wp:featuredmedia":[{"embeddable":true,"href":"https:\/\/www.corbiac.com\/es\/wp-json\/wp\/v2\/media\/20354"}],"wp:attachment":[{"href":"https:\/\/www.corbiac.com\/es\/wp-json\/wp\/v2\/media?parent=14028"}],"wp:term":[{"taxonomy":"brand","embeddable":true,"href":"https:\/\/www.corbiac.com\/es\/wp-json\/wp\/v2\/etheme_brands?post=14028"},{"taxonomy":"product_brand","embeddable":true,"href":"https:\/\/www.corbiac.com\/es\/wp-json\/wp\/v2\/product_brand?post=14028"},{"taxonomy":"product_cat","embeddable":true,"href":"https:\/\/www.corbiac.com\/es\/wp-json\/wp\/v2\/product_cat?post=14028"},{"taxonomy":"product_tag","embeddable":true,"href":"https:\/\/www.corbiac.com\/es\/wp-json\/wp\/v2\/product_tag?post=14028"}],"curies":[{"name":"wp","href":"https:\/\/api.w.org\/{rel}","templated":true}]}}